{"id":7,"date":"2024-07-01T11:35:32","date_gmt":"2024-07-01T14:35:32","guid":{"rendered":"http:\/\/181.209.30.101\/?page_id=7"},"modified":"2024-08-14T10:20:27","modified_gmt":"2024-08-14T13:20:27","slug":"conoce-la-unraf","status":"publish","type":"page","link":"https:\/\/unrafglobal.edu.ar\/","title":{"rendered":"CONOCE LA UNRaf"},"content":{"rendered":"\t\t<div data-elementor-type=\"wp-page\" data-elementor-id=\"7\" class=\"elementor elementor-7\" data-elementor-post-type=\"page\">\n\t\t\t\t<div class=\"elementor-element elementor-element-86d6ce3 e-con-full e-flex e-con e-parent\" data-id=\"86d6ce3\" data-element_type=\"container\">\n\t\t\t\t<div class=\"elementor-element elementor-element-d7024a8 elementor-widget__width-inherit elementor-widget elementor-widget-image\" data-id=\"d7024a8\" data-element_type=\"widget\" data-widget_type=\"image.default\">\n\t\t\t\t<div class=\"elementor-widget-container\">\n\t\t\t<style>\/*! elementor - v3.22.0 - 26-06-2024 *\/\n.elementor-widget-image{text-align:center}.elementor-widget-image a{display:inline-block}.elementor-widget-image a img[src$=\".svg\"]{width:48px}.elementor-widget-image img{vertical-align:middle;display:inline-block}<\/style>\t\t\t\t\t\t\t\t\t\t<img fetchpriority=\"high\" decoding=\"async\" width=\"2048\" height=\"648\" src=\"https:\/\/unrafglobal.edu.ar\/wp-content\/uploads\/2024\/07\/DSC_7061-2-2048x648.jpg\" class=\"attachment-2048x2048 size-2048x2048 wp-image-512\" alt=\"\" srcset=\"https:\/\/unrafglobal.edu.ar\/wp-content\/uploads\/2024\/07\/DSC_7061-2-2048x648.jpg 2048w, https:\/\/unrafglobal.edu.ar\/wp-content\/uploads\/2024\/07\/DSC_7061-2-300x95.jpg 300w, https:\/\/unrafglobal.edu.ar\/wp-content\/uploads\/2024\/07\/DSC_7061-2-1024x324.jpg 1024w, https:\/\/unrafglobal.edu.ar\/wp-content\/uploads\/2024\/07\/DSC_7061-2-768x243.jpg 768w, https:\/\/unrafglobal.edu.ar\/wp-content\/uploads\/2024\/07\/DSC_7061-2-1536x486.jpg 1536w\" sizes=\"(max-width: 2048px) 100vw, 2048px\" \/>\t\t\t\t\t\t\t\t\t\t\t\t\t<\/div>\n\t\t\t\t<\/div>\n\t\t\t\t<\/div>\n\t\t<div class=\"elementor-element elementor-element-82c9036 e-flex e-con-boxed e-con e-parent\" data-id=\"82c9036\" data-element_type=\"container\" data-settings=\"{&quot;background_background&quot;:&quot;classic&quot;}\">\n\t\t\t\t\t<div class=\"e-con-inner\">\n\t\t\t\t<div class=\"elementor-element elementor-element-243d62c elementor-widget-mobile__width-inherit elementor-widget elementor-widget-heading\" data-id=\"243d62c\" data-element_type=\"widget\" data-widget_type=\"heading.default\">\n\t\t\t\t<div class=\"elementor-widget-container\">\n\t\t\t<style>\/*! elementor - v3.22.0 - 26-06-2024 *\/\n.elementor-heading-title{padding:0;margin:0;line-height:1}.elementor-widget-heading .elementor-heading-title[class*=elementor-size-]>a{color:inherit;font-size:inherit;line-height:inherit}.elementor-widget-heading .elementor-heading-title.elementor-size-small{font-size:15px}.elementor-widget-heading .elementor-heading-title.elementor-size-medium{font-size:19px}.elementor-widget-heading .elementor-heading-title.elementor-size-large{font-size:29px}.elementor-widget-heading .elementor-heading-title.elementor-size-xl{font-size:39px}.elementor-widget-heading .elementor-heading-title.elementor-size-xxl{font-size:59px}<\/style><h2 class=\"elementor-heading-title elementor-size-default\">&nbsp;&nbsp;&nbsp;&nbsp;&nbsp;Te damos la bienvenida a la <\/br> \n&nbsp;&nbsp;Universidad Nacional de Rafaela Global, <\/br> \nuna iniciativa que abre las puertas del conocimiento a<\/br> \n&nbsp;&nbsp;&nbsp;&nbsp;&nbsp;estudiantes de todo el mundo.<\/h2>\t\t<\/div>\n\t\t\t\t<\/div>\n\t\t\t\t\t<\/div>\n\t\t\t\t<\/div>\n\t\t<div class=\"elementor-element elementor-element-99c26dd e-flex e-con-boxed e-con e-parent\" data-id=\"99c26dd\" data-element_type=\"container\">\n\t\t\t\t\t<div class=\"e-con-inner\">\n\t\t<div class=\"elementor-element elementor-element-4cd17e1 e-con-full e-flex e-con e-child\" data-id=\"4cd17e1\" data-element_type=\"container\" data-settings=\"{&quot;background_background&quot;:&quot;classic&quot;}\">\n\t\t\t\t<div class=\"elementor-element elementor-element-87b816f elementor-widget-mobile__width-inherit elementor-widget elementor-widget-heading\" data-id=\"87b816f\" data-element_type=\"widget\" data-widget_type=\"heading.default\">\n\t\t\t\t<div class=\"elementor-widget-container\">\n\t\t\t<h4 class=\"elementor-heading-title elementor-size-default\">Nuestra misi\u00f3n<\/h4>\t\t<\/div>\n\t\t\t\t<\/div>\n\t\t\t\t<\/div>\n\t\t<div class=\"elementor-element elementor-element-c37d202 e-con-full e-flex e-con e-child\" data-id=\"c37d202\" data-element_type=\"container\" data-settings=\"{&quot;background_background&quot;:&quot;classic&quot;}\">\n\t\t\t\t<div class=\"elementor-element elementor-element-7822c43 elementor-widget__width-inherit elementor-widget elementor-widget-heading\" data-id=\"7822c43\" data-element_type=\"widget\" data-widget_type=\"heading.default\">\n\t\t\t\t<div class=\"elementor-widget-container\">\n\t\t\t<h4 class=\"elementor-heading-title elementor-size-default\">Nuestra visi\u00f3n<\/h4>\t\t<\/div>\n\t\t\t\t<\/div>\n\t\t\t\t<\/div>\n\t\t<div class=\"elementor-element elementor-element-76347ff e-con-full e-flex e-con e-child\" data-id=\"76347ff\" data-element_type=\"container\">\n\t\t\t\t<div class=\"elementor-element elementor-element-d4dfba2 elementor-widget elementor-widget-text-editor\" data-id=\"d4dfba2\" data-element_type=\"widget\" data-widget_type=\"text-editor.default\">\n\t\t\t\t<div class=\"elementor-widget-container\">\n\t\t\t<style>\/*! elementor - v3.22.0 - 26-06-2024 *\/\n.elementor-widget-text-editor.elementor-drop-cap-view-stacked .elementor-drop-cap{background-color:#69727d;color:#fff}.elementor-widget-text-editor.elementor-drop-cap-view-framed .elementor-drop-cap{color:#69727d;border:3px solid;background-color:transparent}.elementor-widget-text-editor:not(.elementor-drop-cap-view-default) .elementor-drop-cap{margin-top:8px}.elementor-widget-text-editor:not(.elementor-drop-cap-view-default) .elementor-drop-cap-letter{width:1em;height:1em}.elementor-widget-text-editor .elementor-drop-cap{float:left;text-align:center;line-height:1;font-size:50px}.elementor-widget-text-editor .elementor-drop-cap-letter{display:inline-block}<\/style>\t\t\t\t<p>Expandir el alcance de nuestra universidad, brindando acceso a una formaci\u00f3n acad\u00e9mica de excelencia a trav\u00e9s de una <strong>oferta acad\u00e9mica innovadora<\/strong>.<\/p>\t\t\t\t\t\t<\/div>\n\t\t\t\t<\/div>\n\t\t\t\t<\/div>\n\t\t<div class=\"elementor-element elementor-element-8ba56c7 e-con-full e-flex e-con e-child\" data-id=\"8ba56c7\" data-element_type=\"container\">\n\t\t\t\t<div class=\"elementor-element elementor-element-2174f79 elementor-widget elementor-widget-text-editor\" data-id=\"2174f79\" data-element_type=\"widget\" data-widget_type=\"text-editor.default\">\n\t\t\t\t<div class=\"elementor-widget-container\">\n\t\t\t\t\t\t\t<p>Ser una referencia global en educaci\u00f3n superior, reconocida por la calidad de nuestras propuestas educativas y por nuestro compromiso con la formaci\u00f3n integral de <strong>ciudadan\u00eda del mundo.<\/strong><\/p>\t\t\t\t\t\t<\/div>\n\t\t\t\t<\/div>\n\t\t\t\t<\/div>\n\t\t\t\t\t<\/div>\n\t\t\t\t<\/div>\n\t\t<div class=\"elementor-element elementor-element-eb5d56d e-flex e-con-boxed e-con e-parent\" data-id=\"eb5d56d\" data-element_type=\"container\">\n\t\t\t\t\t<div class=\"e-con-inner\">\n\t\t\t\t<div class=\"elementor-element elementor-element-1e276d3 elementor-widget elementor-widget-heading\" data-id=\"1e276d3\" data-element_type=\"widget\" data-widget_type=\"heading.default\">\n\t\t\t\t<div class=\"elementor-widget-container\">\n\t\t\t<h2 class=\"elementor-heading-title elementor-size-default\">&nbsp;&nbsp;&nbsp;&nbsp;<\/h2>\t\t<\/div>\n\t\t\t\t<\/div>\n\t\t\t\t\t<\/div>\n\t\t\t\t<\/div>\n\t\t<div class=\"elementor-element elementor-element-6120854 e-flex e-con-boxed e-con e-parent\" data-id=\"6120854\" data-element_type=\"container\">\n\t\t\t\t\t<div class=\"e-con-inner\">\n\t\t\t\t<div class=\"elementor-element elementor-element-f21af40 elementor-widget elementor-widget-heading\" data-id=\"f21af40\" data-element_type=\"widget\" data-widget_type=\"heading.default\">\n\t\t\t\t<div class=\"elementor-widget-container\">\n\t\t\t<h4 class=\"elementor-heading-title elementor-size-default\">\u00bfPor qu\u00e9 elegirnos?<\/h4>\t\t<\/div>\n\t\t\t\t<\/div>\n\t\t\t\t\t<\/div>\n\t\t\t\t<\/div>\n\t\t<div class=\"elementor-element elementor-element-0943263 e-grid e-con-boxed e-con e-parent\" data-id=\"0943263\" data-element_type=\"container\">\n\t\t\t\t\t<div class=\"e-con-inner\">\n\t\t\t\t<div class=\"elementor-element elementor-element-37b01d3 elementor-position-top elementor-widget elementor-widget-image-box\" data-id=\"37b01d3\" data-element_type=\"widget\" data-widget_type=\"image-box.default\">\n\t\t\t\t<div class=\"elementor-widget-container\">\n\t\t\t<style>\/*! elementor - v3.22.0 - 26-06-2024 *\/\n.elementor-widget-image-box .elementor-image-box-content{width:100%}@media (min-width:768px){.elementor-widget-image-box.elementor-position-left .elementor-image-box-wrapper,.elementor-widget-image-box.elementor-position-right .elementor-image-box-wrapper{display:flex}.elementor-widget-image-box.elementor-position-right .elementor-image-box-wrapper{text-align:end;flex-direction:row-reverse}.elementor-widget-image-box.elementor-position-left .elementor-image-box-wrapper{text-align:start;flex-direction:row}.elementor-widget-image-box.elementor-position-top .elementor-image-box-img{margin:auto}.elementor-widget-image-box.elementor-vertical-align-top .elementor-image-box-wrapper{align-items:flex-start}.elementor-widget-image-box.elementor-vertical-align-middle .elementor-image-box-wrapper{align-items:center}.elementor-widget-image-box.elementor-vertical-align-bottom .elementor-image-box-wrapper{align-items:flex-end}}@media (max-width:767px){.elementor-widget-image-box .elementor-image-box-img{margin-left:auto!important;margin-right:auto!important;margin-bottom:15px}}.elementor-widget-image-box .elementor-image-box-img{display:inline-block}.elementor-widget-image-box .elementor-image-box-title a{color:inherit}.elementor-widget-image-box .elementor-image-box-wrapper{text-align:center}.elementor-widget-image-box .elementor-image-box-description{margin:0}<\/style><div class=\"elementor-image-box-wrapper\"><figure class=\"elementor-image-box-img\"><img decoding=\"async\" width=\"158\" height=\"135\" src=\"https:\/\/unrafglobal.edu.ar\/wp-content\/uploads\/2024\/07\/uniPublica.png\" class=\"attachment-full size-full wp-image-189\" alt=\"\" \/><\/figure><div class=\"elementor-image-box-content\"><p class=\"elementor-image-box-description\"><b>Universidad p\u00fablica:<\/b> accesible y<br> de alt\u00edsima calidad.<\/p><\/div><\/div>\t\t<\/div>\n\t\t\t\t<\/div>\n\t\t\t\t<div class=\"elementor-element elementor-element-86ccdba elementor-position-top elementor-widget elementor-widget-image-box\" data-id=\"86ccdba\" data-element_type=\"widget\" data-widget_type=\"image-box.default\">\n\t\t\t\t<div class=\"elementor-widget-container\">\n\t\t\t<div class=\"elementor-image-box-wrapper\"><figure class=\"elementor-image-box-img\"><img decoding=\"async\" width=\"120\" height=\"107\" src=\"https:\/\/unrafglobal.edu.ar\/wp-content\/uploads\/2024\/07\/excelencia.png\" class=\"attachment-full size-full wp-image-190\" alt=\"\" \/><\/figure><div class=\"elementor-image-box-content\"><p class=\"elementor-image-box-description\"><b>Excelencia acad\u00e9mica:<\/b> Contamos con un claustro docente de primer nivel y programas de estudios actualizados.<\/p><\/div><\/div>\t\t<\/div>\n\t\t\t\t<\/div>\n\t\t\t\t<div class=\"elementor-element elementor-element-5514afd elementor-position-top elementor-widget elementor-widget-image-box\" data-id=\"5514afd\" data-element_type=\"widget\" data-widget_type=\"image-box.default\">\n\t\t\t\t<div class=\"elementor-widget-container\">\n\t\t\t<div class=\"elementor-image-box-wrapper\"><figure class=\"elementor-image-box-img\"><img loading=\"lazy\" decoding=\"async\" width=\"142\" height=\"140\" src=\"https:\/\/unrafglobal.edu.ar\/wp-content\/uploads\/2024\/07\/Innovacion.png\" class=\"attachment-full size-full wp-image-191\" alt=\"\" \/><\/figure><div class=\"elementor-image-box-content\"><p class=\"elementor-image-box-description\"><b>Innovaci\u00f3n:<\/b> Apostamos por la tecnolog\u00eda y la innovaci\u00f3n educativa para brindar una experiencia de aprendizaje \u00fanica.<\/p><\/div><\/div>\t\t<\/div>\n\t\t\t\t<\/div>\n\t\t\t\t\t<\/div>\n\t\t\t\t<\/div>\n\t\t<div class=\"elementor-element elementor-element-8d40525 e-grid e-con-boxed e-con e-parent\" data-id=\"8d40525\" data-element_type=\"container\">\n\t\t\t\t\t<div class=\"e-con-inner\">\n\t\t\t\t<div class=\"elementor-element elementor-element-05ea103 elementor-position-top elementor-widget elementor-widget-image-box\" data-id=\"05ea103\" data-element_type=\"widget\" data-widget_type=\"image-box.default\">\n\t\t\t\t<div class=\"elementor-widget-container\">\n\t\t\t<div class=\"elementor-image-box-wrapper\"><figure class=\"elementor-image-box-img\"><img loading=\"lazy\" decoding=\"async\" width=\"105\" height=\"111\" src=\"https:\/\/unrafglobal.edu.ar\/wp-content\/uploads\/2024\/07\/flexibilidad.png\" class=\"attachment-full size-full wp-image-192\" alt=\"\" \/><\/figure><div class=\"elementor-image-box-content\"><p class=\"elementor-image-box-description\"><b>Flexibilidad:<\/b> Estudi\u00e1 a tu ritmo y <br> desde cualquier lugar del mundo<\/p><\/div><\/div>\t\t<\/div>\n\t\t\t\t<\/div>\n\t\t\t\t<div class=\"elementor-element elementor-element-f8852d3 elementor-position-top elementor-widget elementor-widget-image-box\" data-id=\"f8852d3\" data-element_type=\"widget\" data-widget_type=\"image-box.default\">\n\t\t\t\t<div class=\"elementor-widget-container\">\n\t\t\t<div class=\"elementor-image-box-wrapper\"><figure class=\"elementor-image-box-img\"><img loading=\"lazy\" decoding=\"async\" width=\"114\" height=\"122\" src=\"https:\/\/unrafglobal.edu.ar\/wp-content\/uploads\/2024\/07\/Internacionalizacion.png\" class=\"attachment-full size-full wp-image-193\" alt=\"\" \/><\/figure><div class=\"elementor-image-box-content\"><p class=\"elementor-image-box-description\"><b>Internacionalizaci\u00f3n:<\/b> proponemos <br> un contacto permanente con <br>estudiantes y profesionales de <br> diferentes paises.<\/p><\/div><\/div>\t\t<\/div>\n\t\t\t\t<\/div>\n\t\t\t\t\t<\/div>\n\t\t\t\t<\/div>\n\t\t\t\t<\/div>\n\t\t","protected":false},"excerpt":{"rendered":"<p>&nbsp;&nbsp;&nbsp;&nbsp;&nbsp;Te damos la bienvenida a la &nbsp;&nbsp;Universidad Nacional de Rafaela Global, una iniciativa que abre las puertas del conocimiento a &nbsp;&nbsp;&nbsp;&nbsp;&nbsp;estudiantes de todo el mundo. Nuestra misi\u00f3n Nuestra visi\u00f3n Expandir el alcance de nuestra universidad, brindando acceso a una formaci\u00f3n acad\u00e9mica de excelencia a trav\u00e9s de una oferta acad\u00e9mica innovadora. Ser una referencia global en [&hellip;]<\/p>\n","protected":false},"author":1,"featured_media":0,"parent":0,"menu_order":0,"comment_status":"closed","ping_status":"closed","template":"","meta":{"footnotes":""},"_links":{"self":[{"href":"https:\/\/unrafglobal.edu.ar\/index.php\/wp-json\/wp\/v2\/pages\/7"}],"collection":[{"href":"https:\/\/unrafglobal.edu.ar\/index.php\/wp-json\/wp\/v2\/pages"}],"about":[{"href":"https:\/\/unrafglobal.edu.ar\/index.php\/wp-json\/wp\/v2\/types\/page"}],"author":[{"embeddable":true,"href":"https:\/\/unrafglobal.edu.ar\/index.php\/wp-json\/wp\/v2\/users\/1"}],"replies":[{"embeddable":true,"href":"https:\/\/unrafglobal.edu.ar\/index.php\/wp-json\/wp\/v2\/comments?post=7"}],"version-history":[{"count":259,"href":"https:\/\/unrafglobal.edu.ar\/index.php\/wp-json\/wp\/v2\/pages\/7\/revisions"}],"predecessor-version":[{"id":553,"href":"https:\/\/unrafglobal.edu.ar\/index.php\/wp-json\/wp\/v2\/pages\/7\/revisions\/553"}],"wp:attachment":[{"href":"https:\/\/unrafglobal.edu.ar\/index.php\/wp-json\/wp\/v2\/media?parent=7"}],"curies":[{"name":"wp","href":"https:\/\/api.w.org\/{rel}","templated":true}]}}